{"id":824,"date":"2025-04-16T11:32:17","date_gmt":"2025-04-16T11:32:17","guid":{"rendered":"https:\/\/sweetmoonfotografia.com\/targeta-regal\/"},"modified":"2025-04-27T13:59:30","modified_gmt":"2025-04-27T13:59:30","slug":"targeta-regal","status":"publish","type":"page","link":"https:\/\/sweetmoonfotografia.com\/ca\/targeta-regal\/","title":{"rendered":"Targeta regal"},"content":{"rendered":"<p><div class=\"fusion-fullwidth fullwidth-box fusion-builder-row-1 fusion-flex-container has-pattern-background has-mask-background fusion-parallax-none nonhundred-percent-fullwidth non-hundred-percent-height-scrolling\" style=\"--awb-background-position:center top;--awb-border-radius-top-left:0px;--awb-border-radius-top-right:0px;--awb-border-radius-bottom-right:0px;--awb-border-radius-bottom-left:0px;--awb-padding-top:10%;--awb-padding-bottom:10%;--awb-background-image:linear-gradient(180deg, rgba(0,0,0,0.2) 0%,rgba(0,0,0,0.2) 100%),url(https:\/\/sweetmoonfotografia.com\/wp-content\/uploads\/2025\/04\/sweetmoon-navidad-17.jpg);;--awb-background-size:cover;--awb-flex-wrap:wrap;\" ><div class=\"fusion-builder-row fusion-row fusion-flex-align-items-flex-start fusion-flex-content-wrap\" style=\"max-width:1248px;margin-left: calc(-4% \/ 2 );margin-right: calc(-4% \/ 2 );\"><div class=\"fusion-layout-column fusion_builder_column fusion-builder-column-0 fusion_builder_column_1_1 1_1 fusion-flex-column\" style=\"--awb-bg-size:cover;--awb-width-large:100%;--awb-margin-top-large:0px;--awb-spacing-right-large:1.92%;--awb-margin-bottom-large:20px;--awb-spacing-left-large:1.92%;--awb-width-medium:100%;--awb-order-medium:0;--awb-spacing-right-medium:1.92%;--awb-spacing-left-medium:1.92%;--awb-width-small:100%;--awb-order-small:0;--awb-spacing-right-small:1.92%;--awb-spacing-left-small:1.92%;\"><div class=\"fusion-column-wrapper fusion-column-has-shadow fusion-flex-justify-content-flex-start fusion-content-layout-column\"><div class=\"fusion-title title fusion-title-1 fusion-sep-none fusion-title-center fusion-title-text fusion-title-size-one\" style=\"--awb-text-color:#ffffff;\"><h1 class=\"fusion-title-heading title-heading-center\" style=\"margin:0;\">REGALA RECORDS<\/h1><\/div><\/div><\/div><\/div><\/div><div class=\"fusion-fullwidth fullwidth-box fusion-builder-row-2 fusion-flex-container has-pattern-background has-mask-background nonhundred-percent-fullwidth non-hundred-percent-height-scrolling\" style=\"--awb-border-radius-top-left:0px;--awb-border-radius-top-right:0px;--awb-border-radius-bottom-right:0px;--awb-border-radius-bottom-left:0px;--awb-padding-top:5%;--awb-padding-right:25%;--awb-padding-bottom:5%;--awb-padding-left:25%;--awb-background-color:#b09b87;--awb-flex-wrap:wrap;\" ><div class=\"fusion-builder-row fusion-row fusion-flex-align-items-flex-start fusion-flex-content-wrap\" style=\"max-width:1248px;margin-left: calc(-4% \/ 2 );margin-right: calc(-4% \/ 2 );\"><div class=\"fusion-layout-column fusion_builder_column fusion-builder-column-1 fusion_builder_column_1_1 1_1 fusion-flex-column\" style=\"--awb-bg-size:cover;--awb-width-large:100%;--awb-margin-top-large:0px;--awb-spacing-right-large:1.92%;--awb-margin-bottom-large:20px;--awb-spacing-left-large:1.92%;--awb-width-medium:100%;--awb-order-medium:0;--awb-spacing-right-medium:1.92%;--awb-spacing-left-medium:1.92%;--awb-width-small:100%;--awb-order-small:0;--awb-spacing-right-small:1.92%;--awb-spacing-left-small:1.92%;\"><div class=\"fusion-column-wrapper fusion-column-has-shadow fusion-flex-justify-content-flex-start fusion-content-layout-column\"><div class=\"fusion-title title fusion-title-2 fusion-sep-none fusion-title-center fusion-title-text fusion-title-size-two\" style=\"--awb-text-color:#ffffff;\"><h2 class=\"fusion-title-heading title-heading-center\" style=\"margin:0;\">Sabies que pots regalar una Experi\u00e8ncia \u00danica amb les Targetes Regal de sessi\u00f3 de fotos?<\/h2><\/div><div class=\"fusion-text fusion-text-1\" style=\"--awb-text-color:#ffffff;\"><p style=\"text-align: center;  \">A Sweet Moon Fotografia tenim el regal perfecte per a aquestes ocasions especials\u2026 Est\u00e0s buscant un regal que realment emocioni i cre\u00ef records duradors? \u00a1Una sessi\u00f3 de fotos personalitzada \u00e9s l&#8217;opci\u00f3 ideal!  <\/p>\n<p style=\"text-align: center;  \">Amb les targetes regal, pots sorprendre aquesta persona especial amb loportunitat dimmortalitzar moments \u00fanics. Regalar una experi\u00e8ncia com aquesta no nom\u00e9s \u00e9s original, \u00e9s inoblidable!<\/p>\n<\/div><\/div><\/div><\/div><\/div><div class=\"fusion-fullwidth fullwidth-box fusion-builder-row-3 fusion-flex-container has-pattern-background has-mask-background nonhundred-percent-fullwidth non-hundred-percent-height-scrolling\" style=\"--awb-border-radius-top-left:0px;--awb-border-radius-top-right:0px;--awb-border-radius-bottom-right:0px;--awb-border-radius-bottom-left:0px;--awb-padding-top:5%;--awb-padding-bottom:5%;--awb-flex-wrap:wrap;\" ><div class=\"fusion-builder-row fusion-row fusion-flex-align-items-flex-start fusion-flex-content-wrap\" style=\"max-width:1248px;margin-left: calc(-4% \/ 2 );margin-right: calc(-4% \/ 2 );\"><div class=\"fusion-layout-column fusion_builder_column fusion-builder-column-2 fusion_builder_column_1_3 1_3 fusion-flex-column\" style=\"--awb-bg-size:cover;--awb-width-large:33.333333333333%;--awb-margin-top-large:0px;--awb-spacing-right-large:5.76%;--awb-margin-bottom-large:20px;--awb-spacing-left-large:5.76%;--awb-width-medium:33.333333333333%;--awb-order-medium:0;--awb-spacing-right-medium:5.76%;--awb-spacing-left-medium:5.76%;--awb-width-small:100%;--awb-order-small:0;--awb-spacing-right-small:1.92%;--awb-spacing-left-small:1.92%;\"><div class=\"fusion-column-wrapper fusion-column-has-shadow fusion-flex-justify-content-flex-start fusion-content-layout-column\"><div class=\"fusion-title title fusion-title-3 fusion-sep-none fusion-title-text fusion-title-size-three\"><h3 class=\"fusion-title-heading title-heading-left\" style=\"margin:0;\"><b>Per qu\u00e8 regalar una sessi\u00f3 de fotos?<\/b><\/h3><\/div><div class=\"fusion-text fusion-text-2\"><p>La fotografia no \u00e9s nom\u00e9s una imatge, \u00e9s una hist\u00f2ria que es captura i es conserva. Regalar\u00e0s una experi\u00e8ncia \u00fanica.<\/p>\n<p>Imagina l&#8217;emoci\u00f3 del teu \u00e9sser estimat en veure els seus moments m\u00e9s especials convertits en records tangibles, que podran atresorar per sempre.<\/p>\n<\/div><\/div><\/div><div class=\"fusion-layout-column fusion_builder_column fusion-builder-column-3 fusion_builder_column_2_3 2_3 fusion-flex-column\" style=\"--awb-bg-size:cover;--awb-width-large:66.666666666667%;--awb-margin-top-large:0px;--awb-spacing-right-large:2.88%;--awb-margin-bottom-large:20px;--awb-spacing-left-large:2.88%;--awb-width-medium:66.666666666667%;--awb-order-medium:0;--awb-spacing-right-medium:2.88%;--awb-spacing-left-medium:2.88%;--awb-width-small:100%;--awb-order-small:0;--awb-spacing-right-small:1.92%;--awb-spacing-left-small:1.92%;\"><div class=\"fusion-column-wrapper fusion-column-has-shadow fusion-flex-justify-content-flex-start fusion-content-layout-column\"><div class=\"fusion-content-boxes content-boxes columns row fusion-columns-1 fusion-columns-total-2 fusion-content-boxes-1 content-boxes-icon-with-title content-left\" style=\"--awb-hover-accent-color:var(--awb-color4);--awb-circle-hover-accent-color:var(--awb-color4);--awb-item-margin-bottom:40px;\" data-animationOffset=\"top-into-view\"><div style=\"--awb-backgroundcolor:rgba(255,255,255,0);\" class=\"fusion-column content-box-column content-box-column content-box-column-1 col-lg-12 col-md-12 col-sm-12 fusion-content-box-hover content-box-column-last-in-row\"><div class=\"col content-box-wrapper content-wrapper link-area-link-icon content-icon-wrapper-yes icon-hover-animation-fade\" data-animationOffset=\"top-into-view\"><div class=\"heading icon-left\"><h2 class=\"content-box-heading\" style=\"--h2_typography-font-size:24px;line-height:29px;\">Com funciona?<\/h2><\/div><div class=\"fusion-clearfix\"><\/div><div class=\"content-container\">Adquirir una targeta regal \u00e9s molt senzill.<\/p>\n<p>Primer has d&#8217;escollir la sessi\u00f3 que vols regalar.<\/p>\n<p>En segon lloc, contacta&#8217;m per ultimar els detalls de la targeta i validar el pagament.<\/p>\n<p>A continuaci\u00f3, escull com vols la teva targeta f\u00edsica o virtual.<\/p>\n<p>Finalment, recull la teva targeta a l&#8217;estudi. Si prefereixes un toc personal, pots passar pel nostre estudi per recollir la teva targeta regal i sorprendre la persona amb una cosa tangible.<\/p>\n<p>Si ho prefereixes, puc enviar-te la targeta regal de forma digital, a punt per ser imprimida o compartida per WhatsApp o correu electr\u00f2nic. Aix\u00ed podr\u00e0s regalar-la a qualsevol moment i lloc!<\/p>\n<p>Finalment, la persona que rebi la targeta regal haur\u00e0 de posar-se en contacte amb mi per agafar la cita i poder crear records per a tota la vida!<\/div><\/div><\/div><div style=\"--awb-backgroundcolor:rgba(255,255,255,0);\" class=\"fusion-column content-box-column content-box-column content-box-column-2 col-lg-12 col-md-12 col-sm-12 fusion-content-box-hover content-box-column-last content-box-column-last-in-row\"><div class=\"col content-box-wrapper content-wrapper link-area-link-icon content-icon-wrapper-yes icon-hover-animation-fade\" data-animationOffset=\"top-into-view\"><div class=\"heading icon-left\"><h2 class=\"content-box-heading\" style=\"--h2_typography-font-size:24px;line-height:29px;\">Fes la teva comanda per regalar una sessi\u00f3 de fotos avui mateix<\/h2><\/div><div class=\"fusion-clearfix\"><\/div><div class=\"content-container\">No hi ha millor moment que ara per fer un regal que mai no oblidaran.  <span style=\"background-color: rgba(0, 0, 0, 0); letter-spacing: 0.24px;\">Fes la teva comanda de targeta regal avui i crea moments que durin per sempre!<\/span><\/div><\/div><\/div><div class=\"fusion-clearfix\"><\/div><\/div><\/div><\/div><\/div><\/div><div class=\"fusion-fullwidth fullwidth-box fusion-builder-row-4 fusion-flex-container has-pattern-background has-mask-background nonhundred-percent-fullwidth non-hundred-percent-height-scrolling\" style=\"--awb-border-radius-top-left:0px;--awb-border-radius-top-right:0px;--awb-border-radius-bottom-right:0px;--awb-border-radius-bottom-left:0px;--awb-padding-top:5%;--awb-padding-right:25%;--awb-padding-bottom:5%;--awb-padding-left:25%;--awb-background-color:#b09b87;--awb-flex-wrap:wrap;\" ><div class=\"fusion-builder-row fusion-row fusion-flex-align-items-flex-start fusion-flex-content-wrap\" style=\"max-width:1248px;margin-left: calc(-4% \/ 2 );margin-right: calc(-4% \/ 2 );\"><div class=\"fusion-layout-column fusion_builder_column fusion-builder-column-4 fusion_builder_column_1_1 1_1 fusion-flex-column\" style=\"--awb-bg-size:cover;--awb-width-large:100%;--awb-margin-top-large:0px;--awb-spacing-right-large:1.92%;--awb-margin-bottom-large:20px;--awb-spacing-left-large:1.92%;--awb-width-medium:100%;--awb-order-medium:0;--awb-spacing-right-medium:1.92%;--awb-spacing-left-medium:1.92%;--awb-width-small:100%;--awb-order-small:0;--awb-spacing-right-small:1.92%;--awb-spacing-left-small:1.92%;\"><div class=\"fusion-column-wrapper fusion-column-has-shadow fusion-flex-justify-content-flex-start fusion-content-layout-column\"><div class=\"fusion-title title fusion-title-4 fusion-sep-none fusion-title-center fusion-title-text fusion-title-size-two\" style=\"--awb-text-color:#ffffff;--awb-margin-bottom:5%;\"><h2 class=\"fusion-title-heading title-heading-center\" style=\"margin:0;\">Preguntes freq\u00fcents sobre regalar una sessi\u00f3 de fotos<\/h2><\/div><div class=\"accordian fusion-accordian\" style=\"--awb-border-size:1px;--awb-icon-size:16px;--awb-icon-alignment:left;--awb-hover-color:var(--awb-color2);--awb-border-color:var(--awb-color3);--awb-background-color:var(--awb-color1);--awb-divider-color:var(--awb-color3);--awb-divider-hover-color:var(--awb-color3);--awb-icon-color:var(--awb-color1);--awb-title-color:var(--awb-color8);--awb-content-color:var(--awb-color8);--awb-icon-box-color:var(--awb-color8);--awb-toggle-hover-accent-color:var(--awb-color4);--awb-toggle-active-accent-color:var(--awb-color4);\"><div class=\"panel-group fusion-toggle-icon-boxed\" id=\"accordion-824-1\"><div class=\"fusion-panel panel-default panel-e39bd3b7decf25f5f fusion-toggle-has-divider\"><div class=\"panel-heading\"><h4 class=\"panel-title toggle\" id=\"toggle_e39bd3b7decf25f5f\"><a aria-expanded=\"false\" aria-controls=\"e39bd3b7decf25f5f\" role=\"button\" data-toggle=\"collapse\" data-parent=\"#accordion-824-1\" data-target=\"#e39bd3b7decf25f5f\" href=\"#e39bd3b7decf25f5f\"><span class=\"fusion-toggle-icon-wrapper\" aria-hidden=\"true\"><i class=\"fa-fusion-box active-icon awb-icon-minus\" aria-hidden=\"true\"><\/i><i class=\"fa-fusion-box inactive-icon awb-icon-plus\" aria-hidden=\"true\"><\/i><\/span><span class=\"fusion-toggle-heading\">T\u00e9 caducitat la targeta regal?  <\/span><\/a><\/h4><\/div><div id=\"e39bd3b7decf25f5f\" class=\"panel-collapse collapse \" aria-labelledby=\"toggle_e39bd3b7decf25f5f\"><div class=\"panel-body toggle-content fusion-clearfix\">\n<p><span style=\"font-weight: 400;\">S\u00ed, tindr\u00e0s un any per poder fer-la servir.<\/span><\/p>\n<\/div><\/div><\/div><div class=\"fusion-panel panel-default panel-a022820e3f53139b7 fusion-toggle-has-divider\"><div class=\"panel-heading\"><h4 class=\"panel-title toggle\" id=\"toggle_a022820e3f53139b7\"><a aria-expanded=\"false\" aria-controls=\"a022820e3f53139b7\" role=\"button\" data-toggle=\"collapse\" data-parent=\"#accordion-824-1\" data-target=\"#a022820e3f53139b7\" href=\"#a022820e3f53139b7\"><span class=\"fusion-toggle-icon-wrapper\" aria-hidden=\"true\"><i class=\"fa-fusion-box active-icon awb-icon-minus\" aria-hidden=\"true\"><\/i><i class=\"fa-fusion-box inactive-icon awb-icon-plus\" aria-hidden=\"true\"><\/i><\/span><span class=\"fusion-toggle-heading\">\u00bf I si no vull el tipus de sessi\u00f3 que m&#039;han regalat, la puc canviar per una altra?<\/span><\/a><\/h4><\/div><div id=\"a022820e3f53139b7\" class=\"panel-collapse collapse \" aria-labelledby=\"toggle_a022820e3f53139b7\"><div class=\"panel-body toggle-content fusion-clearfix\">\n<p>S\u00ed, cap problema. Podem canviar la sessi\u00f3. Excepte per una sessi\u00f3 de Nadal, aquestes no estan incloses.<\/p>\n<\/div><\/div><\/div><div class=\"fusion-panel panel-default panel-cc993f666fbb77bd4 fusion-toggle-has-divider\"><div class=\"panel-heading\"><h4 class=\"panel-title toggle\" id=\"toggle_cc993f666fbb77bd4\"><a aria-expanded=\"false\" aria-controls=\"cc993f666fbb77bd4\" role=\"button\" data-toggle=\"collapse\" data-parent=\"#accordion-824-1\" data-target=\"#cc993f666fbb77bd4\" href=\"#cc993f666fbb77bd4\"><span class=\"fusion-toggle-icon-wrapper\" aria-hidden=\"true\"><i class=\"fa-fusion-box active-icon awb-icon-minus\" aria-hidden=\"true\"><\/i><i class=\"fa-fusion-box inactive-icon awb-icon-plus\" aria-hidden=\"true\"><\/i><\/span><span class=\"fusion-toggle-heading\">Com podr\u00e0 contactar amb tu la persona a qui regalo la targeta?<\/span><\/a><\/h4><\/div><div id=\"cc993f666fbb77bd4\" class=\"panel-collapse collapse \" aria-labelledby=\"toggle_cc993f666fbb77bd4\"><div class=\"panel-body toggle-content fusion-clearfix\">\n<p>Molt f\u00e0cil, a la mateixa targeta apareixeran les dades perqu\u00e8 es pugui posar en contacte amb mi.<\/p>\n<\/div><\/div><\/div><\/div><\/div><\/div><\/div><\/div><\/div><\/p>\n","protected":false},"excerpt":{"rendered":"","protected":false},"author":1,"featured_media":0,"parent":0,"menu_order":0,"comment_status":"closed","ping_status":"closed","template":"100-width.php","meta":{"footnotes":""},"class_list":["post-824","page","type-page","status-publish","hentry"],"_links":{"self":[{"href":"https:\/\/sweetmoonfotografia.com\/ca\/wp-json\/wp\/v2\/pages\/824","targetHints":{"allow":["GET"]}}],"collection":[{"href":"https:\/\/sweetmoonfotografia.com\/ca\/wp-json\/wp\/v2\/pages"}],"about":[{"href":"https:\/\/sweetmoonfotografia.com\/ca\/wp-json\/wp\/v2\/types\/page"}],"author":[{"embeddable":true,"href":"https:\/\/sweetmoonfotografia.com\/ca\/wp-json\/wp\/v2\/users\/1"}],"replies":[{"embeddable":true,"href":"https:\/\/sweetmoonfotografia.com\/ca\/wp-json\/wp\/v2\/comments?post=824"}],"version-history":[{"count":2,"href":"https:\/\/sweetmoonfotografia.com\/ca\/wp-json\/wp\/v2\/pages\/824\/revisions"}],"predecessor-version":[{"id":828,"href":"https:\/\/sweetmoonfotografia.com\/ca\/wp-json\/wp\/v2\/pages\/824\/revisions\/828"}],"wp:attachment":[{"href":"https:\/\/sweetmoonfotografia.com\/ca\/wp-json\/wp\/v2\/media?parent=824"}],"curies":[{"name":"wp","href":"https:\/\/api.w.org\/{rel}","templated":true}]}}